{"id":81,"date":"2025-12-27T14:07:08","date_gmt":"2025-12-27T14:07:08","guid":{"rendered":"https:\/\/bolsaingles.com\/?page_id=81"},"modified":"2026-01-28T10:59:08","modified_gmt":"2026-01-28T10:59:08","slug":"81-2","status":"publish","type":"page","link":"https:\/\/bolsaingles.com\/index.php\/81-2\/","title":{"rendered":"Coaching Privado Elite"},"content":{"rendered":"<p>[et_pb_section fb_built=&#8221;1&#8243; specialty=&#8221;on&#8221; _builder_version=&#8221;4.25.2&#8243; _module_preset=&#8221;default&#8221; custom_margin=&#8221;||-22px|||&#8221; custom_padding=&#8221;0px||0px|||&#8221; global_colors_info=&#8221;{}&#8221;][et_pb_column type=&#8221;1_2&#8243; _builder_version=&#8221;4.16&#8243; custom_padding=&#8221;|||&#8221; global_colors_info=&#8221;{}&#8221; custom_padding__hover=&#8221;|||&#8221;][et_pb_text admin_label=&#8221;Content Page V6 &#8211; Ragnar &#8211; H1 title&#8221; _builder_version=&#8221;4.25.2&#8243; _module_preset=&#8221;default&#8221; header_font=&#8221;Wallpoet|900|||||||&#8221; header_text_color=&#8221;#25282a&#8221; header_font_size=&#8221;86px&#8221; header_line_height=&#8221;100%&#8221; header_2_font=&#8221;Barlow|700|||||||&#8221; header_2_text_color=&#8221;#25282a&#8221; header_2_font_size=&#8221;60px&#8221; custom_margin=&#8221;||19px||false|false&#8221; custom_margin_tablet=&#8221;||15px||false|false&#8221; custom_margin_phone=&#8221;||5px||false|false&#8221; custom_margin_last_edited=&#8221;on|desktop&#8221; custom_padding=&#8221;||||false|false&#8221; custom_padding_phone=&#8221;||||false|false&#8221; custom_padding_last_edited=&#8221;off|desktop&#8221; hover_enabled=&#8221;0&#8243; header_font_size_tablet=&#8221;82px&#8221; header_font_size_phone=&#8221;45px&#8221; header_font_size_last_edited=&#8221;on|phone&#8221; header_2_font_size_tablet=&#8221;40px&#8221; header_2_font_size_phone=&#8221;24px&#8221; header_2_font_size_last_edited=&#8221;on|tablet&#8221; inline_fonts=&#8221;Wallpoet,Adamina,Luckiest Guy&#8221; global_colors_info=&#8221;{}&#8221; sticky_enabled=&#8221;0&#8243;]<\/p>\n<h1><strong><span style=\"color: #000000; font-family: Wallpoet;\">Coaching de ingl\u00e9s elite 1 a 1<\/span><\/strong><\/h1>\n<p>[\/et_pb_text][\/et_pb_column][et_pb_column type=&#8221;1_2&#8243; specialty_columns=&#8221;2&#8243; _builder_version=&#8221;4.16&#8243; custom_padding=&#8221;|||&#8221; global_colors_info=&#8221;{}&#8221; custom_padding__hover=&#8221;|||&#8221;][et_pb_row_inner _builder_version=&#8221;4.25.2&#8243; _module_preset=&#8221;default&#8221; custom_margin=&#8221;-45px||22px|||&#8221; global_colors_info=&#8221;{}&#8221;][et_pb_column_inner saved_specialty_column_type=&#8221;1_2&#8243; _builder_version=&#8221;4.25.2&#8243; _module_preset=&#8221;default&#8221; global_colors_info=&#8221;{}&#8221;][et_pb_text _builder_version=&#8221;4.25.2&#8243; _module_preset=&#8221;default&#8221; text_font=&#8221;Work Sans||||||||&#8221; header_font=&#8221;Wallpoet||||||||&#8221; header_font_size=&#8221;26px&#8221; header_letter_spacing=&#8221;2px&#8221; inline_fonts=&#8221;Mate,Work Sans&#8221; global_colors_info=&#8221;{}&#8221;]<\/p>\n<h1><em style=\"font-size: x-large;\"><strong><span style=\"font-family: Mate;\"><\/span><\/strong><\/em><\/h1>\n<h1><em style=\"font-size: x-large;\"><strong><span style=\"font-family: Mate;\"><\/span><\/strong><\/em><\/h1>\n<h1><em style=\"font-size: x-large;\"><strong><span style=\"font-family: Mate;\"><\/span><\/strong><\/em><\/h1>\n<h1><em style=\"font-size: x-large;\"><strong><span style=\"font-family: Mate;\"><\/span><\/strong><\/em><\/h1>\n<h1><em style=\"font-size: x-large;\"><strong><span style=\"font-family: Mate;\"><\/span><\/strong><\/em><\/h1>\n<h1><span style=\"font-size: xx-large;\"><strong><span style=\"font-family: 'Work Sans';\"><em>Ingl\u00e9s elite para quienes deciden cuando el resto ya no est\u00e1 en la sala.<\/em><\/span><\/strong><\/span><\/h1>\n<p><span style=\"font-family: 'Work Sans'; font-weight: normal; font-size: large;\"><\/span><\/p>\n<p><span style=\"font-family: 'Work Sans'; font-weight: normal; font-size: large;\"><\/span><\/p>\n<p><span style=\"font-family: 'Work Sans'; font-weight: normal; font-size: large;\">Trabajamos con ejecutivos, l\u00edderes y equipos internacionales que operan bajo presi\u00f3n real, negocian sin testigos y saben que una mala frase cuesta caro. No hacemos ingl\u00e9s acad\u00e9mico ni entrenamiento gen\u00e9rico. Afinamos criterio, autoridad y precisi\u00f3n ling\u00fc\u00edstica en escenarios profesionales exigentes. Cada sesi\u00f3n se construye sobre tu contexto, tus riesgos y tus objetivos reales. Si tu trabajo requiere control absoluto, presencia internacional y resultados medibles, esto no es un extra. Es equipamiento b\u00e1sico.<\/span><\/p>\n<p>[\/et_pb_text][\/et_pb_column_inner][\/et_pb_row_inner][\/et_pb_column][\/et_pb_section][et_pb_section fb_built=&#8221;1&#8243; _builder_version=&#8221;4.25.2&#8243; _module_preset=&#8221;default&#8221; custom_padding=&#8221;18px||0px|||&#8221; global_colors_info=&#8221;{}&#8221;][et_pb_row column_structure=&#8221;1_3,1_3,1_3&#8243; _builder_version=&#8221;4.25.2&#8243; _module_preset=&#8221;default&#8221; custom_padding=&#8221;9px||2px|||&#8221; global_colors_info=&#8221;{}&#8221;][et_pb_column type=&#8221;1_3&#8243; _builder_version=&#8221;4.25.2&#8243; _module_preset=&#8221;default&#8221; global_colors_info=&#8221;{}&#8221;][et_pb_image src=&#8221;https:\/\/bolsaingles.com\/wp-content\/uploads\/2025\/12\/Sobre-nosotros.png&#8221; title_text=&#8221;Sobre-nosotros&#8221; url=&#8221;@ET-DC@eyJkeW5hbWljIjp0cnVlLCJjb250ZW50IjoicG9zdF9saW5rX3VybF9wYWdlIiwic2V0dGluZ3MiOnsicG9zdF9pZCI6IjE0OCJ9fQ==@&#8221; _builder_version=&#8221;4.25.2&#8243; _dynamic_attributes=&#8221;url&#8221; _module_preset=&#8221;default&#8221; animation_style=&#8221;roll&#8221; global_colors_info=&#8221;{}&#8221;][\/et_pb_image][\/et_pb_column][et_pb_column type=&#8221;1_3&#8243; _builder_version=&#8221;4.25.2&#8243; _module_preset=&#8221;default&#8221; global_colors_info=&#8221;{}&#8221;][et_pb_image src=&#8221;https:\/\/bolsaingles.com\/wp-content\/uploads\/2025\/12\/Agenda-tu-consulta-1.png&#8221; title_text=&#8221;Agenda-tu-consulta&#8221; url=&#8221;@ET-DC@eyJkeW5hbWljIjp0cnVlLCJjb250ZW50IjoicG9zdF9saW5rX3VybF9wYWdlIiwic2V0dGluZ3MiOnsicG9zdF9pZCI6IjEzNyJ9fQ==@&#8221; _builder_version=&#8221;4.25.2&#8243; _dynamic_attributes=&#8221;url&#8221; _module_preset=&#8221;default&#8221; animation_style=&#8221;zoom&#8221; global_colors_info=&#8221;{}&#8221;][\/et_pb_image][\/et_pb_column][et_pb_column type=&#8221;1_3&#8243; _builder_version=&#8221;4.25.2&#8243; _module_preset=&#8221;default&#8221; global_colors_info=&#8221;{}&#8221;][et_pb_image src=&#8221;https:\/\/bolsaingles.com\/wp-content\/uploads\/2025\/12\/Bolsa-method.png&#8221; title_text=&#8221;Bolsa-method&#8221; url=&#8221;@ET-DC@eyJkeW5hbWljIjp0cnVlLCJjb250ZW50IjoicG9zdF9saW5rX3VybF9wYWdlIiwic2V0dGluZ3MiOnsicG9zdF9pZCI6IjE3MCJ9fQ==@&#8221; _builder_version=&#8221;4.25.2&#8243; _dynamic_attributes=&#8221;url&#8221; _module_preset=&#8221;default&#8221; animation_style=&#8221;roll&#8221; global_colors_info=&#8221;{}&#8221;][\/et_pb_image][\/et_pb_column][\/et_pb_row][\/et_pb_section]<\/p>\n","protected":false},"excerpt":{"rendered":"<p>Coaching de ingl\u00e9s elite 1 a 1 Ingl\u00e9s elite para quienes deciden cuando el resto ya no est\u00e1 en la sala. Trabajamos con ejecutivos, l\u00edderes y equipos internacionales que operan bajo presi\u00f3n real, negocian sin testigos y saben que una mala frase cuesta caro. No hacemos ingl\u00e9s acad\u00e9mico ni entrenamiento gen\u00e9rico. Afinamos criterio, autoridad y [&hellip;]<\/p>\n","protected":false},"author":1,"featured_media":0,"parent":0,"menu_order":0,"comment_status":"closed","ping_status":"closed","template":"","meta":{"_et_pb_use_builder":"on","_et_pb_old_content":"","_et_gb_content_width":"","footnotes":""},"class_list":["post-81","page","type-page","status-publish","hentry"],"_links":{"self":[{"href":"https:\/\/bolsaingles.com\/index.php\/wp-json\/wp\/v2\/pages\/81","targetHints":{"allow":["GET"]}}],"collection":[{"href":"https:\/\/bolsaingles.com\/index.php\/wp-json\/wp\/v2\/pages"}],"about":[{"href":"https:\/\/bolsaingles.com\/index.php\/wp-json\/wp\/v2\/types\/page"}],"author":[{"embeddable":true,"href":"https:\/\/bolsaingles.com\/index.php\/wp-json\/wp\/v2\/users\/1"}],"replies":[{"embeddable":true,"href":"https:\/\/bolsaingles.com\/index.php\/wp-json\/wp\/v2\/comments?post=81"}],"version-history":[{"count":18,"href":"https:\/\/bolsaingles.com\/index.php\/wp-json\/wp\/v2\/pages\/81\/revisions"}],"predecessor-version":[{"id":206,"href":"https:\/\/bolsaingles.com\/index.php\/wp-json\/wp\/v2\/pages\/81\/revisions\/206"}],"wp:attachment":[{"href":"https:\/\/bolsaingles.com\/index.php\/wp-json\/wp\/v2\/media?parent=81"}],"curies":[{"name":"wp","href":"https:\/\/api.w.org\/{rel}","templated":true}]}}