{"id":170,"date":"2026-01-01T15:21:36","date_gmt":"2026-01-01T15:21:36","guid":{"rendered":"https:\/\/bolsaingles.com\/?page_id=170"},"modified":"2026-01-28T11:23:51","modified_gmt":"2026-01-28T11:23:51","slug":"el-metodo-bolsa","status":"publish","type":"page","link":"https:\/\/bolsaingles.com\/index.php\/el-metodo-bolsa\/","title":{"rendered":"El Metodo Bolsa"},"content":{"rendered":"<p>[et_pb_section fb_built=&#8221;1&#8243; specialty=&#8221;on&#8221; _builder_version=&#8221;4.25.2&#8243; _module_preset=&#8221;default&#8221; custom_margin=&#8221;||-22px|||&#8221; custom_padding=&#8221;0px||0px|||&#8221; global_colors_info=&#8221;{}&#8221;][et_pb_column type=&#8221;1_2&#8243; _builder_version=&#8221;4.16&#8243; custom_padding=&#8221;|||&#8221; global_colors_info=&#8221;{}&#8221; custom_padding__hover=&#8221;|||&#8221;][et_pb_text admin_label=&#8221;Content Page V6 &#8211; Ragnar &#8211; H1 title&#8221; _builder_version=&#8221;4.25.2&#8243; _module_preset=&#8221;default&#8221; header_font=&#8221;Wallpoet|900|||||||&#8221; header_text_color=&#8221;#25282a&#8221; header_font_size=&#8221;86px&#8221; header_line_height=&#8221;100%&#8221; header_2_font=&#8221;Barlow|700|||||||&#8221; header_2_text_color=&#8221;#25282a&#8221; header_2_font_size=&#8221;60px&#8221; custom_margin=&#8221;||-2px||false|false&#8221; custom_margin_tablet=&#8221;||15px||false|false&#8221; custom_margin_phone=&#8221;||5px||false|false&#8221; custom_margin_last_edited=&#8221;on|desktop&#8221; custom_padding=&#8221;||36px||false|false&#8221; custom_padding_phone=&#8221;||||false|false&#8221; custom_padding_last_edited=&#8221;off|desktop&#8221; header_font_size_tablet=&#8221;82px&#8221; header_font_size_phone=&#8221;56px&#8221; header_font_size_last_edited=&#8221;on|tablet&#8221; header_2_font_size_tablet=&#8221;40px&#8221; header_2_font_size_phone=&#8221;24px&#8221; header_2_font_size_last_edited=&#8221;on|tablet&#8221; inline_fonts=&#8221;Wallpoet,Adamina,Luckiest Guy&#8221; global_colors_info=&#8221;{}&#8221;]<\/p>\n<h1><span style=\"color: #000000;\"><strong>El M\u00e9todo Bolsa<\/strong><\/span><\/h1>\n<p>[\/et_pb_text][et_pb_image src=&#8221;https:\/\/bolsaingles.com\/wp-content\/uploads\/2026\/01\/RobKiteley.png&#8221; title_text=&#8221;RobKiteley&#8221; _builder_version=&#8221;4.25.2&#8243; _module_preset=&#8221;default&#8221; custom_padding=&#8221;0px|||||&#8221; border_radii=&#8221;on|40px|40px|40px|40px&#8221; global_colors_info=&#8221;{}&#8221;][\/et_pb_image][et_pb_text _builder_version=&#8221;4.25.2&#8243; _module_preset=&#8221;default&#8221; header_font=&#8221;Work Sans|800|||||||&#8221; header_font_size=&#8221;25px&#8221; global_colors_info=&#8221;{}&#8221;]<\/p>\n<h1>Rob Kiteley<\/h1>\n<h1>Managing Director<\/h1>\n<h1><em>Bolsa Ingl\u00e9s\u00a0 \u00a0 \u00a0 \u00a0 \u00a0 \u00a0 \u00a0 \u00a0 \u00a0 \u00a0 \u00a0 \u00a0 \u00a0<\/em><\/h1>\n<h1><em>info@bolsaingles.com<\/em><em><\/em><\/h1>\n<p>[\/et_pb_text][et_pb_video src=&#8221;https:\/\/bolsaingles.com\/wp-content\/uploads\/2025\/12\/Bolsa-Ingles-Intro-Sting.mp4&#8243; _builder_version=&#8221;4.25.2&#8243; _module_preset=&#8221;default&#8221; title_text=&#8221;Bolsa Ingles Intro Sting&#8221; hover_enabled=&#8221;0&#8243; sticky_enabled=&#8221;0&#8243;][\/et_pb_video][\/et_pb_column][et_pb_column type=&#8221;1_2&#8243; specialty_columns=&#8221;2&#8243; _builder_version=&#8221;4.16&#8243; custom_padding=&#8221;|||&#8221; global_colors_info=&#8221;{}&#8221; custom_padding__hover=&#8221;|||&#8221;][et_pb_row_inner _builder_version=&#8221;4.25.2&#8243; _module_preset=&#8221;default&#8221; custom_margin=&#8221;-45px||22px|||&#8221; global_colors_info=&#8221;{}&#8221;][et_pb_column_inner saved_specialty_column_type=&#8221;1_2&#8243; _builder_version=&#8221;4.25.2&#8243; _module_preset=&#8221;default&#8221; global_colors_info=&#8221;{}&#8221;][et_pb_text _builder_version=&#8221;4.25.2&#8243; _module_preset=&#8221;default&#8221; text_font=&#8221;Work Sans|600|||||||&#8221; text_font_size=&#8221;20px&#8221; header_font=&#8221;Wallpoet||||||||&#8221; header_font_size=&#8221;40px&#8221; inline_fonts=&#8221;Mate,Work Sans&#8221; global_colors_info=&#8221;{}&#8221;]<\/p>\n<p>&nbsp;<\/p>\n<p>El M\u00e9todo Bolsa existe por una raz\u00f3n muy clara: los profesionales internacionales no necesitan \u201cclases de ingl\u00e9s\u201d. Necesitan un ingl\u00e9s que funcione cuando la presi\u00f3n es real.<\/p>\n<p>Nuestra metodolog\u00eda se basa en el enfoque comunicativo y en m\u00e9todos aut\u00e9nticos, perfeccionados a trav\u00e9s de d\u00e9cadas de experiencia en sistemas de ex\u00e1menes internacionales, formaci\u00f3n ejecutiva y entornos profesionales reales. Esto no es teor\u00eda acad\u00e9mica. Es rendimiento aplicado.<\/p>\n<p>En el centro del M\u00e9todo Bolsa est\u00e1 la comunicaci\u00f3n real. Desde el primer d\u00eda, el ingl\u00e9s se utiliza tal como se usa fuera del aula: para negociar, aclarar, discrepar, persuadir, defender decisiones, gestionar riesgos y liderar conversaciones. La gram\u00e1tica no se ignora, se convierte en una herramienta estrat\u00e9gica. El vocabulario no se memoriza, se ejecuta. La fluidez se entrena bajo presi\u00f3n controlada, no mediante juegos de rol artificiales.<\/p>\n<p>Los materiales aut\u00e9nticos son fundamentales. Trabajamos con lenguaje real procedente del mundo empresarial, los medios, entrevistas, negociaciones, informes y contextos profesionales. Esto expone al alumno al ritmo natural del idioma, la ambig\u00fcedad y el matiz cultural. Justo los factores que deciden resultados en entornos internacionales y que rara vez aparecen en cursos convencionales.<\/p>\n<p>El M\u00e9todo Bolsa va m\u00e1s all\u00e1 al entrenar el control estrat\u00e9gico del lenguaje. El alumno aprende a gestionar mensaje, tono, autoridad y credibilidad. Nos centramos en c\u00f3mo se eval\u00faa a un profesional en situaciones reales, no en su capacidad para completar ejercicios. La precisi\u00f3n importa. El momento importa. El silencio tambi\u00e9n. Una frase mal elegida puede debilitar una posici\u00f3n. Una respuesta bien construida puede cambiar el equilibrio de poder.<\/p>\n<p>Cuando es necesario, integramos preparaci\u00f3n elite para ex\u00e1menes. Cambridge, IELTS y otros ex\u00e1menes internacionales se tratan como sistemas que se dominan, no como pruebas que se sufren. El lenguaje del examen se descompone, se practica bajo condiciones reales y se alinea con competencia comunicativa aut\u00e9ntica. El resultado no es solo una mejor puntuaci\u00f3n, sino profesionales que rinden m\u00e1s all\u00e1 del examen.<\/p>\n<p>El M\u00e9todo Bolsa es adaptable. El entrenamiento se ajusta al sector, al rol, al nivel de riesgo y a los objetivos profesionales. Un abogado, un directivo, un acad\u00e9mico o un emprendedor no reciben el mismo entrenamiento, porque las consecuencias ling\u00fc\u00edsticas tampoco son las mismas.<\/p>\n<p>Por eso este m\u00e9todo funciona para profesionales internacionales.<\/p>\n<p>En Bolsa Ingl\u00e9s no ense\u00f1amos ingl\u00e9s como asignatura.<br \/>Lo entrenamos como herramienta profesional.<\/p>\n<p>Esto es entrenamiento elite.<br \/>Aqu\u00ed el ingl\u00e9s no se practica. Se ejecuta.<\/p>\n<p>[\/et_pb_text][\/et_pb_column_inner][\/et_pb_row_inner][\/et_pb_column][\/et_pb_section][et_pb_section fb_built=&#8221;1&#8243; _builder_version=&#8221;4.25.2&#8243; _module_preset=&#8221;default&#8221; custom_padding=&#8221;10px||0px|||&#8221; global_colors_info=&#8221;{}&#8221;][et_pb_row column_structure=&#8221;1_2,1_2&#8243; _builder_version=&#8221;4.25.2&#8243; _module_preset=&#8221;default&#8221; custom_padding=&#8221;0px||0px|||&#8221; global_colors_info=&#8221;{}&#8221;][et_pb_column type=&#8221;1_2&#8243; _builder_version=&#8221;4.25.2&#8243; _module_preset=&#8221;default&#8221; global_colors_info=&#8221;{}&#8221;][et_pb_image src=&#8221;https:\/\/bolsaingles.com\/wp-content\/uploads\/2025\/12\/Agenda-tu-consulta-1.png&#8221; title_text=&#8221;Agenda-tu-consulta&#8221; _builder_version=&#8221;4.25.2&#8243; _module_preset=&#8221;default&#8221; animation_style=&#8221;zoom&#8221; hover_enabled=&#8221;0&#8243; global_colors_info=&#8221;{}&#8221; sticky_enabled=&#8221;0&#8243;][\/et_pb_image][\/et_pb_column][et_pb_column type=&#8221;1_2&#8243; _builder_version=&#8221;4.25.2&#8243; _module_preset=&#8221;default&#8221; global_colors_info=&#8221;{}&#8221;][et_pb_image src=&#8221;https:\/\/bolsaingles.com\/wp-content\/uploads\/2025\/12\/Sobre-nosotros.png&#8221; title_text=&#8221;Sobre-nosotros&#8221; url=&#8221;@ET-DC@eyJkeW5hbWljIjp0cnVlLCJjb250ZW50IjoicG9zdF9saW5rX3VybF9wYWdlIiwic2V0dGluZ3MiOnsicG9zdF9pZCI6IjE0OCJ9fQ==@&#8221; _builder_version=&#8221;4.25.2&#8243; _dynamic_attributes=&#8221;url&#8221; _module_preset=&#8221;default&#8221; animation_style=&#8221;roll&#8221; global_colors_info=&#8221;{}&#8221;][\/et_pb_image][\/et_pb_column][\/et_pb_row][\/et_pb_section]<\/p>\n","protected":false},"excerpt":{"rendered":"<p>El M\u00e9todo BolsaRob Kiteley Managing Director Bolsa Ingl\u00e9s\u00a0 \u00a0 \u00a0 \u00a0 \u00a0 \u00a0 \u00a0 \u00a0 \u00a0 \u00a0 \u00a0 \u00a0 \u00a0 info@bolsaingles.com&nbsp; El M\u00e9todo Bolsa existe por una raz\u00f3n muy clara: los profesionales internacionales no necesitan \u201cclases de ingl\u00e9s\u201d. Necesitan un ingl\u00e9s que funcione cuando la presi\u00f3n es real. Nuestra metodolog\u00eda se basa en el enfoque [&hellip;]<\/p>\n","protected":false},"author":1,"featured_media":0,"parent":0,"menu_order":0,"comment_status":"closed","ping_status":"closed","template":"","meta":{"_et_pb_use_builder":"on","_et_pb_old_content":"","_et_gb_content_width":"","footnotes":""},"class_list":["post-170","page","type-page","status-publish","hentry"],"_links":{"self":[{"href":"https:\/\/bolsaingles.com\/index.php\/wp-json\/wp\/v2\/pages\/170","targetHints":{"allow":["GET"]}}],"collection":[{"href":"https:\/\/bolsaingles.com\/index.php\/wp-json\/wp\/v2\/pages"}],"about":[{"href":"https:\/\/bolsaingles.com\/index.php\/wp-json\/wp\/v2\/types\/page"}],"author":[{"embeddable":true,"href":"https:\/\/bolsaingles.com\/index.php\/wp-json\/wp\/v2\/users\/1"}],"replies":[{"embeddable":true,"href":"https:\/\/bolsaingles.com\/index.php\/wp-json\/wp\/v2\/comments?post=170"}],"version-history":[{"count":3,"href":"https:\/\/bolsaingles.com\/index.php\/wp-json\/wp\/v2\/pages\/170\/revisions"}],"predecessor-version":[{"id":215,"href":"https:\/\/bolsaingles.com\/index.php\/wp-json\/wp\/v2\/pages\/170\/revisions\/215"}],"wp:attachment":[{"href":"https:\/\/bolsaingles.com\/index.php\/wp-json\/wp\/v2\/media?parent=170"}],"curies":[{"name":"wp","href":"https:\/\/api.w.org\/{rel}","templated":true}]}}